{"id":244,"date":"2021-01-30T15:32:00","date_gmt":"2021-01-30T14:32:00","guid":{"rendered":"https:\/\/www.recyclingkunststoff.at\/cms\/?page_id=244"},"modified":"2021-01-31T20:10:27","modified_gmt":"2021-01-31T19:10:27","slug":"geschaeftsbedingungen","status":"publish","type":"page","link":"https:\/\/www.recyclingkunststoff.at\/cms\/geschaeftsbedingungen\/","title":{"rendered":"Gesch\u00e4ftsbedingungen"},"content":{"rendered":"<div class=\"wpb-content-wrapper\">[vc_row pix_particles_check=&#8220;&#8220;][vc_column][vc_column_text]\r\n<ol>\r\n \t<li>Die nachstehenden allgemeinen Gesch\u00e4ftsbedingungen werden Inhalt jedes mit der Firma fh-outdoor abgeschlossenen Vertrages. Entgegenstehende oder abweichende allgemeine Gesch\u00e4ftsbedingungen des Vertragspartners werden \u2013 au\u00dfer im Falle einer ausdr\u00fccklichen und schriftlichen Zustimmung \u2013 nicht anerkannt.<\/li>\r\n<\/ol>\r\n<ol start=\"2\">\r\n \t<li>Angaben zu Waren und Preisen sowie Angebote sind \u2013 insoweit nichts anderes vereinbart wird \u2013 freibleibend und unverbindlich. Die Bestellung des Vertragspartners gilt erst mit der Auftragsbest\u00e4tigung der fh-outdoor als angenommen, womit ein Vertrag zustande kommt.<\/li>\r\n<\/ol>\r\n<ol start=\"3\">\r\n \t<li>Kosten von Lieferung, Montage oder Aufstellung sind in den angef\u00fchrten bzw. angebotenen Preisen, au\u00dfer im Falle einer abweichenden Vereinbarung, nicht enthalten.<\/li>\r\n<\/ol>\r\n<ol start=\"4\">\r\n \t<li>Der Kunde verpflichtet sich zur vollst\u00e4ndigen Bezahlung des Gesamtpreises bei Vertragsabschluss. Skontovereinbarungen treten bei Zahlungsverzug au\u00dfer Kraft, auch wenn nur eine Teilzahlung zu sp\u00e4t geleistet wird. Zahlungen des Kunden gelten mit dem Zeitpunkt des Einganges auf dem Gesch\u00e4ftskonto der fh-outdoor als geleistet.<\/li>\r\n<\/ol>\r\n<ol start=\"5\">\r\n \t<li>Bis zur vollst\u00e4ndigen Bezahlung bleiben die Waren im alleinigen Eigentum der fh-outdoor. Die Ware darf ohne Zustimmung der fh-outdoor weder ver\u00e4u\u00dfert noch belastet werden.<\/li>\r\n<\/ol>\r\n<ol start=\"6\">\r\n \t<li>Die Lieferung erfolgt ab dem Lager der fh-outdoor. Die Versendungsart w\u00e4hlt die fh-outdoor, wobei eine verkehrs\u00fcbliche Versendungsart gew\u00e4hlt wird. Die Gefahr des Versandes tr\u00e4gt der K\u00e4ufer.<\/li>\r\n<\/ol>\r\n<ol start=\"7\">\r\n \t<li>Kunden, die Verbraucher im Sinne des Konsumentenschutzgesetzes sind, k\u00f6nnen von einem im Fernabsatz sowie bei Ausw\u00e4rtsgesch\u00e4ften geschlossenen Vertrag zur\u00fccktreten. In diese Fall gilt folgendes:\r\nDer Kunde hat das Recht, binnen vierzehn Tagen ohne Angabe von Gr\u00fcnden diesen Vertrag zu widerrufen.\r\nDie Widerrufsfrist betr\u00e4gt vierzehn Tage ab dem Tag an dem der Kunde oder ein von ihm benannter Dritter die Ware in Besitz genommen hat. Um Ihr Widerrufsrecht auszu\u00fcben, m\u00fcssen Sie uns (fh-outdoor ) mittels einer eindeutigen Erkl\u00e4rung (z.B. ein mit der Post versandter Brief, Telefax oder E-Mail) \u00fcber Ihren Entschluss, diesen Vertrag zu widerrufen, informieren. Sie k\u00f6nnen daf\u00fcr das beigef\u00fcgte Muster Widerrufsformular verwenden, das jedoch nicht vorgeschrieben ist. Zur Wahrung der Widerrufsfrist reicht es aus, dass Sie die Mitteilung \u00fcber die Aus\u00fcbung des Widerrufsrechts vor Ablauf der Widerrufsfrist absenden. Wenn Sie diesen Vertrag widerrufen, haben wir Ihnen alle Zahlungen, die wir von Ihnen erhalten haben, einschlie\u00dflich der Lieferkosten (mit Ausnahme der zus\u00e4tzlichen Kosten, die sich daraus ergeben, dass Sie eine andere Art der Lieferung als die von uns angebotene, g\u00fcnstigste Standardlieferung gew\u00e4hlt haben), unverz\u00fcglich und sp\u00e4testens binnen vierzehn Tagen ab dem Tag zur\u00fcckzuzahlen, an dem die Mitteilung \u00fcber Ihren Widerruf dieses Vertrags bei uns eingegangen ist. F\u00fcr diese R\u00fcckzahlung verwenden wir dasselbe Zahlungsmittel, das Sie bei der urspr\u00fcnglichen Transaktion eingesetzt haben, es sei denn, mit Ihnen wurde ausdr\u00fccklich etwas anderes vereinbart; in keinem Fall werden Ihnen wegen dieser R\u00fcckzahlung Entgelte berechnet.\r\nWiderrufsformular (wenn Sie den Vertrag widerrufen wollen, dann f\u00fcllen Sie bitte dieses Formular aus und senden es zur\u00fcck)\r\nAn fh-outdoor\r\n&#8211; Hiermit widerrufe(n) ich\/wir(*) den von mir\/uns(*) abgeschlossenen Vertrag \u00fcber den Kauf der folgenden Waren(*) \/ die Erbringung der folgenden Dienstleistung (*):\r\n_________________________________________________________\r\nBestellt am (*) \/ erhalten am: ________________________\r\nName des\/der Verbraucher(s): ________________________\r\nAnschrift des\/der Verbraucher(s): ___________________________________________\r\n&#8211; Unterschrift des\/der Verbraucher(s) (nur bei Mitteilung auf Papier)Datum:<\/li>\r\n<\/ol>\r\n<ol start=\"8\">\r\n \t<li>Schadenersatzanspr\u00fcche des Kunden sind in Falle leichter Fahrl\u00e4ssigkeit der fh-outdoor bzw. einer der fh-outdoor zurechenbaren Person ausgeschlossen.<\/li>\r\n<\/ol>\r\n<ol start=\"9\">\r\n \t<li>Gem\u00e4\u00df \u00a7 19 Abs 1 Alternative-Streitbeilegung-Gesetz weist fh-outdoor darauf hin, dass die Schlichtung f\u00fcr Verbrauchergesch\u00e4fte (verbraucherschlichtung.at) als Auffangschlichtungsstelle f\u00fcr alternative Streitbeilegung eingerichtet ist. Die Teilnahme an der Verbraucherschlichtungsstelle ist freiwillig und nicht zwingend.\r\nVerbraucher k\u00f6nnen \u00fcber die Plattform f\u00fcr au\u00dfergerichtliche Online-Streitbeilegung f\u00fcr Streitigkeiten, die sich aus Online-Rechtsgesch\u00e4ften ergeben, ein Schlichtungsverfahren durchf\u00fchren. Die Plattform ist \u00fcber folgenden Link erreichbar:http:\/\/ec.europa.eu\/consumers\/odr<\/li>\r\n<\/ol>\r\n<ol start=\"10\">\r\n \t<li>Vertrags\u00e4nderungen oder Erg\u00e4nzungen bed\u00fcrfen f\u00fcr ihre Wirksamkeit der Schriftform. Sollte ein Vertragspunkt ung\u00fcltig sein oder werden, gilt die dem wirtschaftlichen Zweck dieser Klausel gleichwertig gesetzte zul\u00e4ssige Bestimmung als vereinbart. Die G\u00fcltigkeit des restlichen Vertrages wird dadurch nicht ber\u00fchrt.\r\nEs gilt ausschlie\u00dflich \u00f6sterreichisches Recht, mit Ausnahme des UN-Kaufrechtes. F\u00fcr Streitigkeiten ist das am Gesch\u00e4ftssitz der fh-outdoor sachlich zust\u00e4ndige Gericht \u00f6rtlich zust\u00e4ndig. Bei Verbrauchern im Sinne des Konsumentenschutzgesetzes ist f\u00fcr Klagen gegen diesen jenes sachlich zust\u00e4ndige Gericht \u00f6rtlich zust\u00e4ndig, in dessen Sprengel der Verbraucher seinen Wohnsitz, gew\u00f6hnlichen Aufenthalt oder Ort der Besch\u00e4ftigung hat.<\/li>\r\n<\/ol>\r\n[\/vc_column_text][\/vc_column][\/vc_row]<\/div>","protected":false},"excerpt":{"rendered":"[vc_row pix_particles_check=&#8220;&#8220;][vc_column][vc_column_text] Die nachstehenden allgemeinen Gesch\u00e4ftsbedingungen werden Inhalt jedes mit der Firma fh-outdoor abgeschlossenen Vertrages. Entgegenstehende oder abweichende allgemeine Gesch\u00e4ftsbedingungen des Vertragspartners werden \u2013 au\u00dfer im Falle einer ausdr\u00fccklichen und schriftlichen Zustimmung \u2013 nicht anerkannt. Angaben zu Waren und Preisen&#8230;","protected":false},"author":1,"featured_media":0,"parent":0,"menu_order":0,"comment_status":"closed","ping_status":"closed","template":"","meta":{"footnotes":""},"class_list":["post-244","page","type-page","status-publish","hentry"],"_links":{"self":[{"href":"https:\/\/www.recyclingkunststoff.at\/cms\/wp-json\/wp\/v2\/pages\/244","targetHints":{"allow":["GET"]}}],"collection":[{"href":"https:\/\/www.recyclingkunststoff.at\/cms\/wp-json\/wp\/v2\/pages"}],"about":[{"href":"https:\/\/www.recyclingkunststoff.at\/cms\/wp-json\/wp\/v2\/types\/page"}],"author":[{"embeddable":true,"href":"https:\/\/www.recyclingkunststoff.at\/cms\/wp-json\/wp\/v2\/users\/1"}],"replies":[{"embeddable":true,"href":"https:\/\/www.recyclingkunststoff.at\/cms\/wp-json\/wp\/v2\/comments?post=244"}],"version-history":[{"count":33,"href":"https:\/\/www.recyclingkunststoff.at\/cms\/wp-json\/wp\/v2\/pages\/244\/revisions"}],"predecessor-version":[{"id":323,"href":"https:\/\/www.recyclingkunststoff.at\/cms\/wp-json\/wp\/v2\/pages\/244\/revisions\/323"}],"wp:attachment":[{"href":"https:\/\/www.recyclingkunststoff.at\/cms\/wp-json\/wp\/v2\/media?parent=244"}],"curies":[{"name":"wp","href":"https:\/\/api.w.org\/{rel}","templated":true}]}}