{"id":435,"date":"2021-02-24T21:03:49","date_gmt":"2021-02-24T20:03:49","guid":{"rendered":"https:\/\/www.recyclingkunststoff.at\/cms\/?post_type=product&#038;p=435"},"modified":"2021-03-08T00:00:13","modified_gmt":"2021-03-07T23:00:13","slug":"paddockplatte","status":"publish","type":"product","link":"https:\/\/www.recyclingkunststoff.at\/cms\/produkt\/paddockplatte\/","title":{"rendered":"Paddockplatte"},"content":{"rendered":"","protected":false},"excerpt":{"rendered":"<p>Landwirtschaft und Tierhaltung<\/p>\n<p>Produktinfo<br \/>\nFarbe: schwarz<br \/>\n40 x 60 x 4cm<\/p>\n<p>HINWEIS<br \/>\nBedarf pro m\u00b2:      ca. 5 Platten<br \/>\n1 VE:               ca. 20 m\u00b2<br \/>\nBelastbarkeit:<br \/>\ngeeignet f\u00fcr Lastklasse SLW 60 nach DIN 1072<br \/>\nEinsatz:<br \/>\nIdeal f\u00fcr Ziehwege, Ausl\u00e4ufe, Paddocks, Futterpl\u00e4tze.<\/p>\n","protected":false},"featured_media":436,"template":"","meta":[],"product_brand":[],"product_cat":[19],"product_tag":[],"class_list":{"0":"post-435","1":"product","2":"type-product","3":"status-publish","4":"has-post-thumbnail","6":"product_cat-stall","8":"first","9":"instock","10":"shipping-taxable","11":"product-type-simple"},"_links":{"self":[{"href":"https:\/\/www.recyclingkunststoff.at\/cms\/wp-json\/wp\/v2\/product\/435","targetHints":{"allow":["GET"]}}],"collection":[{"href":"https:\/\/www.recyclingkunststoff.at\/cms\/wp-json\/wp\/v2\/product"}],"about":[{"href":"https:\/\/www.recyclingkunststoff.at\/cms\/wp-json\/wp\/v2\/types\/product"}],"wp:featuredmedia":[{"embeddable":true,"href":"https:\/\/www.recyclingkunststoff.at\/cms\/wp-json\/wp\/v2\/media\/436"}],"wp:attachment":[{"href":"https:\/\/www.recyclingkunststoff.at\/cms\/wp-json\/wp\/v2\/media?parent=435"}],"wp:term":[{"taxonomy":"product_brand","embeddable":true,"href":"https:\/\/www.recyclingkunststoff.at\/cms\/wp-json\/wp\/v2\/product_brand?post=435"},{"taxonomy":"product_cat","embeddable":true,"href":"https:\/\/www.recyclingkunststoff.at\/cms\/wp-json\/wp\/v2\/product_cat?post=435"},{"taxonomy":"product_tag","embeddable":true,"href":"https:\/\/www.recyclingkunststoff.at\/cms\/wp-json\/wp\/v2\/product_tag?post=435"}],"curies":[{"name":"wp","href":"https:\/\/api.w.org\/{rel}","templated":true}]}}