{"id":460,"date":"2021-03-09T17:06:50","date_gmt":"2021-03-09T16:06:50","guid":{"rendered":"https:\/\/www.recyclingkunststoff.at\/cms\/?post_type=product&#038;p=460"},"modified":"2021-03-09T23:37:50","modified_gmt":"2021-03-09T22:37:50","slug":"skaterbank-collodi","status":"publish","type":"product","link":"https:\/\/www.recyclingkunststoff.at\/cms\/produkt\/skaterbank-collodi\/","title":{"rendered":"Skaterbank Collodi"},"content":{"rendered":"","protected":false},"excerpt":{"rendered":"<p>Sitzen und chillen<\/p>\n<p>Produktinfo<\/p>\n<p>Farbe: braun<br \/>\nL\/B\/H 200 x 27,5 x 78cm<\/p>\n<p>PRODUKTINFO<br \/>\n\u00bb Bohle:<br \/>\nTyp Kompakt<br \/>\n\u00bb 1 Sitzbrett 200 x 27,5 x 6,5\/5,5 cm<br \/>\n\u00bb Sitzh\u00f6he: 78 cm<br \/>\n\u00bb Zum Eingraben<br \/>\n\u00bb Mit verl\u00e4ngerten F\u00fc\u00dfen<br \/>\n\u00bb H\u00f6he ab Oberkante Erdreich<br \/>\n  Bank wird als Bausatz geliefert,<br \/>\n  Montageanleitung und Produktdatenblatt liegen bei,<br \/>\n  oder k\u00f6nnen direkt bei uns angefordert werden.<\/p>\n","protected":false},"featured_media":463,"template":"","meta":[],"product_brand":[],"product_cat":[24],"product_tag":[],"class_list":{"0":"post-460","1":"product","2":"type-product","3":"status-publish","4":"has-post-thumbnail","6":"product_cat-baenke","8":"first","9":"instock","10":"shipping-taxable","11":"product-type-simple"},"_links":{"self":[{"href":"https:\/\/www.recyclingkunststoff.at\/cms\/wp-json\/wp\/v2\/product\/460","targetHints":{"allow":["GET"]}}],"collection":[{"href":"https:\/\/www.recyclingkunststoff.at\/cms\/wp-json\/wp\/v2\/product"}],"about":[{"href":"https:\/\/www.recyclingkunststoff.at\/cms\/wp-json\/wp\/v2\/types\/product"}],"wp:featuredmedia":[{"embeddable":true,"href":"https:\/\/www.recyclingkunststoff.at\/cms\/wp-json\/wp\/v2\/media\/463"}],"wp:attachment":[{"href":"https:\/\/www.recyclingkunststoff.at\/cms\/wp-json\/wp\/v2\/media?parent=460"}],"wp:term":[{"taxonomy":"product_brand","embeddable":true,"href":"https:\/\/www.recyclingkunststoff.at\/cms\/wp-json\/wp\/v2\/product_brand?post=460"},{"taxonomy":"product_cat","embeddable":true,"href":"https:\/\/www.recyclingkunststoff.at\/cms\/wp-json\/wp\/v2\/product_cat?post=460"},{"taxonomy":"product_tag","embeddable":true,"href":"https:\/\/www.recyclingkunststoff.at\/cms\/wp-json\/wp\/v2\/product_tag?post=460"}],"curies":[{"name":"wp","href":"https:\/\/api.w.org\/{rel}","templated":true}]}}